{"id":1804,"date":"2016-07-29T10:24:33","date_gmt":"2016-07-29T08:24:33","guid":{"rendered":"http:\/\/www.auberge-3-chateaux.fr\/de\/?page_id=1804"},"modified":"2026-01-30T12:01:37","modified_gmt":"2026-01-30T11:01:37","slug":"home","status":"publish","type":"page","link":"https:\/\/www.auberge-3-chateaux.fr\/de\/","title":{"rendered":"HOME"},"content":{"rendered":"<section class=\"wpb-content-wrapper\"><section class=\"l-section wpb_row height_auto width_full\"><div class=\"l-section-h i-cf\"><div class=\"g-cols vc_row via_grid cols_1 laptops-cols_inherit tablets-cols_inherit mobiles-cols_1 valign_top type_default stacking_default\"><div class=\"wpb_column vc_column_container\"><div class=\"vc_column-inner\">\n\t\t\t<!-- START videobackground REVOLUTION SLIDER 6.6.14 --><p class=\"rs-p-wp-fix\"><\/p>\n\t\t\t<rs-module-wrap id=\"rev_slider_3_1_wrapper\" data-source=\"gallery\" style=\"visibility:hidden;background:transparent;padding:0;margin:0px auto;margin-top:0;margin-bottom:0;\">\n\t\t\t\t<rs-module id=\"rev_slider_3_1\" style=\"\" data-version=\"6.6.14\">\n\t\t\t\t\t<rs-slides style=\"overflow: hidden; position: absolute;\">\n\t\t\t\t\t\t<rs-slide style=\"position: absolute;\" data-key=\"rs-11\" data-title=\"Slide\" data-anim=\"adpr:false;\">\n\t\t\t\t\t\t\t<img src=\"\/\/www.auberge-3-chateaux.fr\/wp-content\/plugins\/revslider\/public\/assets\/assets\/dummy.png\" alt=\"\" title=\"HOME\" class=\"rev-slidebg tp-rs-img rs-lazyload\" data-lazyload=\"\/\/www.auberge-3-chateaux.fr\/wp-content\/uploads\/2018\/06\/galerie-auberge-3-chateaux-006.jpg\" data-no-retina>\n\t\t\t\t\t\t\t<rs-bgvideo \n\t\t\t\t\t\t\t\tdata-video=\"w:100%;h:100%;nse:false;l:loop;ptimer:true;vfc:true;\"\n\t\t\t\t\t\t\t\tdata-videoogv=\"https:\/\/www.auberge-3-chateaux.fr\/wp-content\/uploads\/video\/auberge3chateaux-background.ogv\"\n\t\t\t\t\t\t\t\tdata-videowebm=\"https:\/\/www.auberge-3-chateaux.fr\/wp-content\/uploads\/video\/auberge3chateaux-background.webm\"\n\t\t\t\t\t\t\t\tdata-mp4=\"\/\/www.auberge-3-chateaux.fr\/wp-content\/uploads\/video\/auberge3chateaux-background.mp4\"\n\t\t\t\t\t\t\t><\/rs-bgvideo>\n<!---->\t\t\t\t\t\t<\/rs-slide>\n\t\t\t\t\t<\/rs-slides>\n\t\t\t\t<\/rs-module>\n\t\t\t\t<script>\n\t\t\t\t\tsetREVStartSize({c: 'rev_slider_3_1',rl:[1240,1024,778,480],el:[],gw:[1240],gh:[868],type:'standard',justify:'',layout:'fullwidth',mh:\"0\"});if (window.RS_MODULES!==undefined && window.RS_MODULES.modules!==undefined && window.RS_MODULES.modules[\"revslider31\"]!==undefined) {window.RS_MODULES.modules[\"revslider31\"].once = false;window.revapi3 = undefined;if (window.RS_MODULES.checkMinimal!==undefined) window.RS_MODULES.checkMinimal()}\n\t\t\t\t<\/script>\n\t\t\t<\/rs-module-wrap>\n\t\t\t<!-- END REVOLUTION SLIDER -->\n<\/div><\/div><\/div><\/div><\/section><section class=\"l-section wpb_row us_custom_19113836 us_animate_this height_small width_full\"><div class=\"l-section-overlay\" style=\"background:#c2b1a5\"><\/div><div class=\"l-section-h i-cf\"><div class=\"g-cols vc_row via_grid cols_4 laptops-cols_inherit tablets-cols_inherit mobiles-cols_1 valign_top type_default stacking_default\"><div class=\"wpb_column vc_column_container\"><div class=\"vc_column-inner\"><div class=\"w-separator size_custom\" style=\"height:2px\"><\/div><\/div><\/div><div class=\"wpb_column vc_column_container\"><div class=\"vc_column-inner\"><div class=\"w-btn-wrapper align_center\"><a class=\"w-btn us-btn-style_3 us_custom_a5c88937\" href=\"http:\/\/www.auberge-3-chateaux.fr\"><span class=\"w-btn-label\">Fran\u00e7ais<\/span><\/a><\/div><\/div><\/div><div class=\"wpb_column vc_column_container\"><div class=\"vc_column-inner\"><div class=\"w-btn-wrapper align_center\"><a class=\"w-btn us-btn-style_3 us_custom_a5c88937\" href=\"http:\/\/www.auberge-3-chateaux.fr\/en\/\"><span class=\"w-btn-label\">English<\/span><\/a><\/div><\/div><\/div><div class=\"wpb_column vc_column_container\"><div class=\"vc_column-inner\"><div class=\"w-separator size_custom\" style=\"height:2px\"><\/div><\/div><\/div><\/div><\/div><\/section><section class=\"l-section wpb_row us_custom_9e7473fa us_animate_this height_small width_full\"><div class=\"l-section-overlay\" style=\"background:#b25934\"><\/div><div class=\"l-section-h i-cf\"><div class=\"g-cols vc_row via_grid cols_1 laptops-cols_inherit tablets-cols_inherit mobiles-cols_1 valign_top type_default stacking_default\"><div class=\"wpb_column vc_column_container\"><div class=\"vc_column-inner\"><div class=\"wpb_text_column us_custom_6df4bc3a has_text_color\"><div class=\"wpb_wrapper\"><h1 style=\"text-align: center;\">Willkommen in der Auberge des Trois Ch\u00e2teaux in Eguisheim im Elsass<\/h1>\n<\/div><\/div><\/div><\/div><\/div><\/div><\/section><section class=\"l-section wpb_row us_custom_3683a75f us_animate_this  hide_on_default hide_on_laptops hide_on_tablets hide_on_mobiles height_small with_shape\"><div class=\"l-section-overlay\" style=\"background:#f20f0f\"><\/div><div class=\"l-section-shape type_wave pos_top\" style=\"color:#b25934\"><svg xmlns=\"http:\/\/www.w3.org\/2000\/svg\" viewBox=\"0 4 64 4\" preserveAspectRatio=\"none\" width=\"100%\" height=\"100%\">\r\n\t<path fill=\"currentColor\" d=\"M64 6 C32 0 32 12 0 6 L0 8 L64 8 Z\"\/>\r\n<\/svg><\/div><div class=\"l-section-h i-cf\"><div class=\"g-cols vc_row via_grid cols_2 laptops-cols_inherit tablets-cols_1 mobiles-cols_1 valign_middle type_default reversed stacking_default\" style=\"grid-gap:1rem;\"><div class=\"wpb_column vc_column_container\"><div class=\"vc_column-inner\"><div class=\"wpb_text_column us_custom_6df4bc3a has_text_color\"><div class=\"wpb_wrapper\"><h2 style=\"text-align: center; font-size: 2em;\"><strong>INFORMATIONEN &amp; \u00d6FFNUNGSZEITEN F\u00dcR DIE WEIHNACHTSMARKTSAISON 2025<\/strong><\/h2>\n<blockquote>\n<ul>\n<li><strong>Ab dem 28. November 2025 (Er\u00f6ffnung des Weihnachtsmarktes in Eguisheim) ist das Restaurant am Dienstagmittag und Mittwochmittag geschlossen und jeden Abend bis einschlie\u00dflich 23.12.2025 ge\u00f6ffnet.<\/strong><\/li>\n<li>Das Restaurant bleibt am Mittwoch, den 24., und Donnerstag, den 25.12.2025, sowie am Mittwoch, den 31.12.2025, und Donnerstag, den 01.01.2026 geschlossen.<\/li>\n<li>Das Hotel ist t\u00e4glich ge\u00f6ffnet, aber bitte beachten Sie, dass viele Termine bereits ausgebucht sind!!! Bitte kontaktieren Sie uns unter +33 389 231 122.<\/li>\n<\/ul>\n<\/blockquote>\n<p style=\"text-align: center; font-size: 1.5em;\">Wir freuen uns, Sie zu den Weihnachtfestlichkeiten 2025 bei uns begr\u00fc\u00dfen zu d\u00fcrfen und w\u00fcnschen Ihnen allen sch\u00f6ne Feiertage und einen guten Jahresabschluss.<\/p>\n<\/div><\/div><div class=\"w-separator size_large\"><\/div><\/div><\/div><div class=\"wpb_column vc_column_container\"><div class=\"vc_column-inner\"><div class=\"w-image us_custom_ff13c409 us_animate_this style_circle align_none\"><div class=\"w-image-h\"><img width=\"939\" height=\"939\" src=\"https:\/\/www.auberge-3-chateaux.fr\/wp-content\/uploads\/2025\/11\/Noel-a-Eguisheim-Auberge-des-3-Chateaux.jpg\" class=\"attachment-full size-full\" alt=\"\" loading=\"lazy\" srcset=\"https:\/\/www.auberge-3-chateaux.fr\/wp-content\/uploads\/2025\/11\/Noel-a-Eguisheim-Auberge-des-3-Chateaux.jpg 939w, https:\/\/www.auberge-3-chateaux.fr\/wp-content\/uploads\/2025\/11\/Noel-a-Eguisheim-Auberge-des-3-Chateaux-300x300.jpg 300w, https:\/\/www.auberge-3-chateaux.fr\/wp-content\/uploads\/2025\/11\/Noel-a-Eguisheim-Auberge-des-3-Chateaux-150x150.jpg 150w, https:\/\/www.auberge-3-chateaux.fr\/wp-content\/uploads\/2025\/11\/Noel-a-Eguisheim-Auberge-des-3-Chateaux-350x350.jpg 350w, https:\/\/www.auberge-3-chateaux.fr\/wp-content\/uploads\/2025\/11\/Noel-a-Eguisheim-Auberge-des-3-Chateaux-600x600.jpg 600w, https:\/\/www.auberge-3-chateaux.fr\/wp-content\/uploads\/2025\/11\/Noel-a-Eguisheim-Auberge-des-3-Chateaux-768x768.jpg 768w\" sizes=\"(max-width: 939px) 100vw, 939px\" \/><\/div><\/div><div class=\"w-separator size_large\"><\/div><\/div><\/div><\/div><\/div><\/section><section class=\"l-section wpb_row height_auto width_full\"><div class=\"l-section-overlay\" style=\"background:#eeeae3\"><\/div><div class=\"l-section-h i-cf\"><div class=\"g-cols vc_row via_grid cols_2 laptops-cols_inherit tablets-cols_inherit mobiles-cols_1 valign_middle type_default stacking_default\"><div class=\"wpb_column vc_column_container us_custom_821ea863\"><div class=\"vc_column-inner\"><div class=\"w-image us_custom_4ef5d869 us_animate_this align_center\"><div class=\"w-image-h\"><img width=\"1024\" height=\"683\" src=\"https:\/\/www.auberge-3-chateaux.fr\/wp-content\/uploads\/2016\/02\/photos-auberge-3-chateaux-04.jpg\" class=\"attachment-full size-full\" alt=\"\" loading=\"lazy\" srcset=\"https:\/\/www.auberge-3-chateaux.fr\/wp-content\/uploads\/2016\/02\/photos-auberge-3-chateaux-04.jpg 1024w, https:\/\/www.auberge-3-chateaux.fr\/wp-content\/uploads\/2016\/02\/photos-auberge-3-chateaux-04-300x200.jpg 300w, https:\/\/www.auberge-3-chateaux.fr\/wp-content\/uploads\/2016\/02\/photos-auberge-3-chateaux-04-768x512.jpg 768w, https:\/\/www.auberge-3-chateaux.fr\/wp-content\/uploads\/2016\/02\/photos-auberge-3-chateaux-04-600x400.jpg 600w\" sizes=\"(max-width: 1024px) 100vw, 1024px\" \/><\/div><\/div><\/div><\/div><div class=\"wpb_column vc_column_container\"><div class=\"vc_column-inner\"><div class=\"wpb_text_column us_custom_66f1a208 us_animate_this\"><div class=\"wpb_wrapper\"><blockquote>\n<p style=\"text-align: justify;\">Isabelle &amp; Olivier Wolff begr\u00fc\u00dfen Sie zu einem authentischen els\u00e4ssischen Erlebnis in der Auberge des 3 Ch\u00e2teaux im Herzen des Dorfes Eguisheim, der Wiege von Papst Leo IX. Das Dorf geh\u00f6rt zu den &#8222;Sch\u00f6nsten D\u00f6rfern Frankreichs&#8220; und wurde zum &#8222;Lieblingsdorf der Franzosen&#8220; gew\u00e4hlt. Es liegt nur 10 Minuten von Colmar entfernt an der els\u00e4ssischen Weinstra\u00dfe.<\/p>\n<\/blockquote>\n<\/div><\/div><div class=\"w-separator size_medium\"><\/div><div class=\"wpb_text_column us_custom_66f1a208 us_animate_this  hide_on_default hide_on_laptops hide_on_tablets hide_on_mobiles\"><div class=\"wpb_wrapper\"><blockquote>\n<h2 style=\"text-align: justify;\"><span style=\"color: #ff0000;\">Jahresurlaub 2026<\/span><\/h2>\n<\/blockquote>\n<\/div><\/div><div class=\"wpb_text_column us_custom_66f1a208 us_animate_this  hide_on_default hide_on_laptops hide_on_tablets hide_on_mobiles\"><div class=\"wpb_wrapper\"><blockquote>\n<p style=\"text-align: justify;\"><span style=\"color: #ff0000;\">Das Team der Auberge des 3 Ch\u00e2teaux macht vom 5. Januar bis einschlie\u00dflich 29. Januar 2026 eine Pause. Das Hotel und das Restaurant bleiben in diesem Zeitraum geschlossen.<\/span><\/p>\n<\/blockquote>\n<\/div><\/div><\/div><\/div><\/div><\/div><\/section><section class=\"l-section wpb_row us_custom_079615fb us_animate_this height_auto\"><div class=\"l-section-overlay\" style=\"background:#c2b1a5\"><\/div><div class=\"l-section-h i-cf\"><div class=\"g-cols vc_row via_grid cols_1 laptops-cols_inherit tablets-cols_inherit mobiles-cols_1 valign_middle type_boxes stacking_default\" style=\"grid-gap:0rem;\"><div class=\"wpb_column vc_column_container\"><div class=\"vc_column-inner\"><div class=\"wpb_text_column\"><div class=\"wpb_wrapper\"><blockquote>\n<h2 style=\"text-align: justify;\">Buchen Sie Ihren Aufenthalt direkt im Hostel, um den besten Preis zu erhalten<\/h2>\n<\/blockquote>\n<p style=\"text-align: left;\">Profitieren Sie von den besten Preisen f\u00fcr Ihren Hotelaufenthalt, indem Sie direkt online buchen.<\/p>\n<\/div><\/div><div class=\"w-separator size_small\"><\/div><div class=\"g-cols wpb_row via_grid cols_1-4-1 laptops-cols_inherit tablets-cols_inherit mobiles-cols_1 valign_top type_default stacking_default\"><div class=\"wpb_column vc_column_container\"><div class=\"vc_column-inner\"><\/div><\/div><div class=\"wpb_column vc_column_container\"><div class=\"vc_column-inner\"><div class=\"wpb_text_column\"><div class=\"wpb_wrapper\"><script type=\"text\/javascript\" src=\"https:\/\/www.octorate.com\/octobook\/resources\/widget\/js\/form.js\" data-sitekey=\"081ea7f24cd89e4b1bb4afbdb7faebb3\"><\/script>\n<\/div><\/div><\/div><\/div><div class=\"wpb_column vc_column_container\"><div class=\"vc_column-inner\"><\/div><\/div><\/div><\/div><\/div><\/div><\/div><\/section><section class=\"l-section wpb_row us_custom_3683a75f us_animate_this height_auto\"><div class=\"l-section-overlay\" style=\"background:#ccc4bc\"><\/div><div class=\"l-section-h i-cf\"><div class=\"g-cols vc_row via_grid cols_2 laptops-cols_inherit tablets-cols_inherit mobiles-cols_1 valign_middle type_boxes stacking_default\" style=\"grid-gap:0rem;\"><div class=\"wpb_column vc_column_container\"><div class=\"vc_column-inner\"><div class=\"wpb_text_column\"><div class=\"wpb_wrapper\"><blockquote>\n<h2 style=\"text-align: justify;\">Unsere Nachrichten<\/h2>\n<\/blockquote>\n<p style=\"text-align: left;\">Verfolgen Sie unsere neuesten Nachrichten auf unserer Facebook page<br \/>\n<a href=\"https:\/\/www.facebook.com\/auberge3chateaux\/\" target=\"_blank\" rel=\"noopener noreferrer\">facebook.com\/auberge3chateaux\/<\/a><\/p>\n<\/div><\/div><\/div><\/div><div class=\"wpb_column vc_column_container us_custom_90db3244\"><div class=\"vc_column-inner\"><div class=\"w-html\"><iframe src=\"https:\/\/www.facebook.com\/plugins\/page.php?href=https%3A%2F%2Fwww.facebook.com%2Fauberge3chateaux%2F&tabs&width=500&height=500&small_header=false&adapt_container_width=true&hide_cover=false&show_facepile=false&appId=137493553010162\" width=\"500\" height=\"140\" style=\"border:none;overflow:hidden\" scrolling=\"no\" frameborder=\"0\" allowfullscreen=\"true\" allow=\"autoplay; clipboard-write; encrypted-media; picture-in-picture; web-share\"><\/iframe><\/div><\/div><\/div><\/div><\/div><\/section><section class=\"l-section wpb_row us_custom_19113836 us_animate_this height_auto width_full\"><div class=\"l-section-h i-cf\"><div class=\"g-cols vc_row via_grid cols_1 laptops-cols_inherit tablets-cols_inherit mobiles-cols_1 valign_top type_default stacking_default\"><div class=\"wpb_column vc_column_container\"><div class=\"vc_column-inner\">[rev_slider_vc alias=&#8220;accueil&#8220;]<\/div><\/div><\/div><\/div><\/section>\n<\/section>","protected":false},"excerpt":{"rendered":"Fran\u00e7aisEnglishWillkommen in der Auberge des Trois Ch\u00e2teaux in Eguisheim im Elsass INFORMATIONEN &amp; \u00d6FFNUNGSZEITEN F\u00dcR DIE WEIHNACHTSMARKTSAISON 2025 Ab dem 28. November 2025 (Er\u00f6ffnung des Weihnachtsmarktes in Eguisheim) ist das Restaurant am Dienstagmittag und Mittwochmittag geschlossen und jeden Abend bis einschlie\u00dflich 23.12.2025 ge\u00f6ffnet. Das Restaurant bleibt am Mittwoch, den 24., und Donnerstag, den 25.12.2025, sowie...","protected":false},"author":1,"featured_media":0,"parent":0,"menu_order":0,"comment_status":"closed","ping_status":"closed","template":"","meta":[],"_links":{"self":[{"href":"https:\/\/www.auberge-3-chateaux.fr\/de\/wp-json\/wp\/v2\/pages\/1804"}],"collection":[{"href":"https:\/\/www.auberge-3-chateaux.fr\/de\/wp-json\/wp\/v2\/pages"}],"about":[{"href":"https:\/\/www.auberge-3-chateaux.fr\/de\/wp-json\/wp\/v2\/types\/page"}],"author":[{"embeddable":true,"href":"https:\/\/www.auberge-3-chateaux.fr\/de\/wp-json\/wp\/v2\/users\/1"}],"replies":[{"embeddable":true,"href":"https:\/\/www.auberge-3-chateaux.fr\/de\/wp-json\/wp\/v2\/comments?post=1804"}],"version-history":[{"count":43,"href":"https:\/\/www.auberge-3-chateaux.fr\/de\/wp-json\/wp\/v2\/pages\/1804\/revisions"}],"predecessor-version":[{"id":2854,"href":"https:\/\/www.auberge-3-chateaux.fr\/de\/wp-json\/wp\/v2\/pages\/1804\/revisions\/2854"}],"wp:attachment":[{"href":"https:\/\/www.auberge-3-chateaux.fr\/de\/wp-json\/wp\/v2\/media?parent=1804"}],"curies":[{"name":"wp","href":"https:\/\/api.w.org\/{rel}","templated":true}]}}