{"id":1816,"date":"2016-07-29T12:57:42","date_gmt":"2016-07-29T10:57:42","guid":{"rendered":"http:\/\/www.auberge-3-chateaux.fr\/de\/?page_id=1816"},"modified":"2025-02-27T16:40:07","modified_gmt":"2025-02-27T15:40:07","slug":"hotel-in-eguisheim","status":"publish","type":"page","link":"https:\/\/www.auberge-3-chateaux.fr\/de\/hotel-in-eguisheim\/","title":{"rendered":"HOTEL** IN EGUISHEIM"},"content":{"rendered":"<section class=\"wpb-content-wrapper\"><section class=\"l-section wpb_row height_huge with_img parallax_ver\"><div class=\"l-section-img\" style=\"background-image: url(https:\/\/www.auberge-3-chateaux.fr\/wp-content\/uploads\/2016\/07\/slide-auberge-3-chateaux-2.jpg);background-repeat: no-repeat;\" data-img-width=\"1440\" data-img-height=\"960\"><\/div><div class=\"l-section-h i-cf\"><div class=\"g-cols vc_row via_grid cols_1 laptops-cols_inherit tablets-cols_inherit mobiles-cols_1 valign_top type_default stacking_default\"><div class=\"wpb_column vc_column_container\"><div class=\"vc_column-inner\"><div class=\"w-separator size_custom\" style=\"height:600px\" id=\"aba9\"><style>@media(max-width:1024px){ #aba9{height:480px!important}}@media(max-width:600px){ #aba9{height:320px!important}}<\/style><\/div><\/div><\/div><\/div><\/div><\/section><section class=\"l-section wpb_row us_custom_9e7473fa us_animate_this height_small width_full\"><div class=\"l-section-overlay\" style=\"background:#b25934\"><\/div><div class=\"l-section-h i-cf\"><div class=\"g-cols vc_row via_grid cols_1 laptops-cols_inherit tablets-cols_inherit mobiles-cols_1 valign_top type_default stacking_default\"><div class=\"wpb_column vc_column_container\"><div class=\"vc_column-inner\"><div class=\"wpb_text_column us_custom_6df4bc3a has_text_color\"><div class=\"wpb_wrapper\"><h1 style=\"text-align: center;\">Authentisches els\u00e4ssisches Hotel** in Eguisheim im Elsass<\/h1>\n<\/div><\/div><\/div><\/div><\/div><\/div><\/section><section class=\"l-section wpb_row height_auto width_full\"><div class=\"l-section-overlay\" style=\"background:#eeeae3\"><\/div><div class=\"l-section-h i-cf\"><div class=\"g-cols vc_row via_grid cols_2 laptops-cols_inherit tablets-cols_inherit mobiles-cols_1 valign_middle type_default stacking_default\"><div class=\"wpb_column vc_column_container us_custom_1c93f1b0 us_animate_this\"><div class=\"vc_column-inner\"><div class=\"wpb_text_column\"><div class=\"wpb_wrapper\"><blockquote>\n<h2>Ihr Aufenthalt in Eguisheim<\/h2>\n<\/blockquote>\n<\/div><\/div><div class=\"w-separator size_custom\" style=\"height:50px\"><\/div><div class=\"wpb_text_column\"><div class=\"wpb_wrapper\"><p style=\"text-align: justify;\">Unsere 10 Zimmer mit allem Komfort : Telefon, Fernsehen mit Satellitenempfang.<\/p>\n<p style=\"text-align: justify;\">Moderne Badezimmer mit Dusche oder Badewanne und Toilette, alle mit F\u00f6hn ausgestattet.<\/p>\n<p style=\"text-align: justify;\">Fr\u00fchst\u00fcck Raum mit Buffet.<\/p>\n<\/div><\/div><div class=\"w-separator size_small\"><\/div><\/div><\/div><div class=\"wpb_column vc_column_container us_custom_821ea863\"><div class=\"vc_column-inner\"><div class=\"w-image us_custom_ff13c409 us_animate_this align_center\"><div class=\"w-image-h\"><img width=\"1024\" height=\"683\" src=\"https:\/\/www.auberge-3-chateaux.fr\/wp-content\/uploads\/2016\/02\/photos-auberge-3-chateaux-27.jpg\" class=\"attachment-full size-full\" alt=\"\" loading=\"lazy\" srcset=\"https:\/\/www.auberge-3-chateaux.fr\/wp-content\/uploads\/2016\/02\/photos-auberge-3-chateaux-27.jpg 1024w, https:\/\/www.auberge-3-chateaux.fr\/wp-content\/uploads\/2016\/02\/photos-auberge-3-chateaux-27-300x200.jpg 300w, https:\/\/www.auberge-3-chateaux.fr\/wp-content\/uploads\/2016\/02\/photos-auberge-3-chateaux-27-768x512.jpg 768w, https:\/\/www.auberge-3-chateaux.fr\/wp-content\/uploads\/2016\/02\/photos-auberge-3-chateaux-27-600x400.jpg 600w\" sizes=\"(max-width: 1024px) 100vw, 1024px\" \/><\/div><\/div><\/div><\/div><\/div><\/div><\/section><section class=\"l-section wpb_row us_custom_079615fb us_animate_this height_small\"><div class=\"l-section-overlay\" style=\"background:#c2b1a5\"><\/div><div class=\"l-section-h i-cf\"><div class=\"g-cols vc_row via_grid cols_1 laptops-cols_inherit tablets-cols_inherit mobiles-cols_1 valign_middle type_default stacking_default\"><div class=\"wpb_column vc_column_container\"><div class=\"vc_column-inner\"><div class=\"wpb_text_column\"><div class=\"wpb_wrapper\"><blockquote>\n<h2 style=\"text-align: justify;\">Buchen Sie Ihren Aufenthalt direkt im Hostel, um den besten Preis zu erhalten<\/h2>\n<\/blockquote>\n<p style=\"text-align: left;\">Profitieren Sie von den besten Preisen f\u00fcr Ihren Hotelaufenthalt, indem Sie direkt online buchen.<\/p>\n<\/div><\/div><div class=\"w-separator size_small\"><\/div><div class=\"g-cols wpb_row via_grid cols_1-4-1 laptops-cols_inherit tablets-cols_inherit mobiles-cols_1 valign_top type_default stacking_default\"><div class=\"wpb_column vc_column_container\"><div class=\"vc_column-inner\"><\/div><\/div><div class=\"wpb_column vc_column_container\"><div class=\"vc_column-inner\"><div class=\"wpb_text_column\"><div class=\"wpb_wrapper\"><script type=\"text\/javascript\" src=\"https:\/\/www.octorate.com\/octobook\/resources\/widget\/js\/form.js\" data-sitekey=\"081ea7f24cd89e4b1bb4afbdb7faebb3\"><\/script>\n<\/div><\/div><\/div><\/div><div class=\"wpb_column vc_column_container\"><div class=\"vc_column-inner\"><\/div><\/div><\/div><\/div><\/div><\/div><\/div><\/section><section class=\"l-section wpb_row height_auto width_full\"><div class=\"l-section-overlay\" style=\"background:#eeeae3\"><\/div><div class=\"l-section-h i-cf\"><div class=\"g-cols vc_row via_grid cols_2 laptops-cols_inherit tablets-cols_inherit mobiles-cols_1 valign_middle type_default stacking_default\"><div class=\"wpb_column vc_column_container us_custom_821ea863\"><div class=\"vc_column-inner\"><div class=\"w-image us_custom_8f7b07a9 us_animate_this align_center\"><div class=\"w-image-h\"><img width=\"1024\" height=\"683\" src=\"https:\/\/www.auberge-3-chateaux.fr\/wp-content\/uploads\/2016\/02\/photos-auberge-3-chateaux-03.jpg\" class=\"attachment-full size-full\" alt=\"\" loading=\"lazy\" srcset=\"https:\/\/www.auberge-3-chateaux.fr\/wp-content\/uploads\/2016\/02\/photos-auberge-3-chateaux-03.jpg 1024w, https:\/\/www.auberge-3-chateaux.fr\/wp-content\/uploads\/2016\/02\/photos-auberge-3-chateaux-03-300x200.jpg 300w, https:\/\/www.auberge-3-chateaux.fr\/wp-content\/uploads\/2016\/02\/photos-auberge-3-chateaux-03-768x512.jpg 768w, https:\/\/www.auberge-3-chateaux.fr\/wp-content\/uploads\/2016\/02\/photos-auberge-3-chateaux-03-600x400.jpg 600w\" sizes=\"(max-width: 1024px) 100vw, 1024px\" \/><\/div><\/div><\/div><\/div><div class=\"wpb_column vc_column_container us_custom_83a0147c us_animate_this\"><div class=\"vc_column-inner\"><div class=\"wpb_text_column\"><div class=\"wpb_wrapper\"><blockquote>\n<h2>Praktische Informationen \u00fcber das Hotel<\/h2>\n<\/blockquote>\n<\/div><\/div><div class=\"w-separator size_custom\" style=\"height:50px\"><\/div><div class=\"wpb_text_column\"><div class=\"wpb_wrapper\"><p>&#8211; Unser Hotel ist f\u00fcr Personen mit eingeschr\u00e4nkter Mobilit\u00e4t nicht zug\u00e4nglich.<br \/>\n&#8211; Unsere Freunde Tiere sind in den Zimmern nicht erlaubt.<br \/>\n&#8211;\u00a0Reiseschecks werden akzeptiert.<br \/>\n&#8211; Gratis WLAN-Zugang im ganzen Haus.<\/p>\n<\/div><\/div><div class=\"w-separator size_small\"><\/div><\/div><\/div><\/div><\/div><\/section><section class=\"l-section wpb_row us_custom_b74f6679 us_animate_this height_large color_alternate\"><div class=\"l-section-overlay\" style=\"background:#a4958c\"><\/div><div class=\"l-section-h i-cf\"><div class=\"g-cols vc_row via_grid cols_2 laptops-cols_inherit tablets-cols_inherit mobiles-cols_1 valign_top type_default stacking_default\"><div class=\"wpb_column vc_column_container\"><div class=\"vc_column-inner\"><div class=\"w-counter us_custom_15f8eac5 color_primary align_center has_font_size\" data-duration=\"2000\"><div class=\"w-counter-value\"><span class=\"w-counter-value-part type_text\" data-final=\"\"><\/span><span class=\"w-counter-value-part type_number\" data-final=\"1\">0<\/span><span class=\"w-counter-value-part type_text\" data-final=\"\"><\/span><\/div><h6 class=\"w-counter-title\">FR\u00dcST\u00dcCKSRAUM<\/h6><\/div><\/div><\/div><div class=\"wpb_column vc_column_container\"><div class=\"vc_column-inner\"><div class=\"w-counter us_custom_15f8eac5 color_primary align_center has_font_size\" data-duration=\"2000\"><div class=\"w-counter-value\"><span class=\"w-counter-value-part type_text\" data-final=\"\"><\/span><span class=\"w-counter-value-part type_number\" data-final=\"10\">0<\/span><span class=\"w-counter-value-part type_text\" data-final=\"\"><\/span><\/div><h6 class=\"w-counter-title\">ZIMMER<\/h6><\/div><\/div><\/div><\/div><\/div><\/section><section class=\"l-section wpb_row us_custom_fbbe60b2 us_animate_this height_small\"><div class=\"l-section-overlay\" style=\"background:#eeeae3\"><\/div><div class=\"l-section-h i-cf\"><div class=\"g-cols vc_row via_grid cols_1 laptops-cols_inherit tablets-cols_inherit mobiles-cols_1 valign_top type_default stacking_default\" style=\"grid-gap:65px;\"><div class=\"wpb_column vc_column_container us_custom_5b1892f8\"><div class=\"vc_column-inner\"><div class=\"wpb_text_column\"><div class=\"wpb_wrapper\"><h2 style=\"text-align: center;\"><span style=\"color: #b25934;\"><strong>Zimmerpreise<\/strong><\/span><\/h2>\n<\/div><\/div><div class=\"w-separator size_huge with_line width_default thick_1 style_solid color_border align_center with_content\" id=\"k0b4\"><style>@media(max-width:1024px){ #k0b4{height:100px!important}}@media(max-width:600px){ #k0b4{height:60px!important}}<\/style><div class=\"w-separator-h\"><i class=\"fas fa-home\"><\/i><\/div><\/div><div class=\"wpb_text_column\"><div class=\"wpb_wrapper\"><p style=\"text-align: center;\">&#8211; <strong>Einzelzimmer<\/strong> 77 \u20ac<\/p>\n<p style=\"text-align: center;\">&#8211; <strong>Doppelzimmer<\/strong> &#8222;Kleines&#8220; 82 \u20ac<\/p>\n<p style=\"text-align: center;\">&#8211; <strong>Doppelzimmer<\/strong> &#8222;Standard&#8220; 92 \u20ac<\/p>\n<p style=\"text-align: center;\">&#8211; <strong>Doppelzimmer<\/strong> &#8222;Sup\u00e9rior&#8220; 97 \u20ac<\/p>\n<p style=\"text-align: center;\">&#8211; <strong>Doppelzimmer<\/strong> &#8222;Grosses&#8220; 102 \u20ac<\/p>\n<p style=\"text-align: center;\">&#8211; <strong>Familie Zimmer<\/strong> (3 personen) 112 \u20ac<\/p>\n<p style=\"text-align: center;\">&#8211; <strong>Familie Zimmer<\/strong> (4 personen) 117 \u20ac<\/p>\n<p style=\"text-align: center;\">**********<\/p>\n<p style=\"text-align: center;\"><strong>Fr\u00fchst\u00fccks Buffet\u00a0:\u00a0<\/strong> 12 \u20ac<\/p>\n<p style=\"text-align: center;\"><strong>Halbpension<\/strong> : 95 \u20ac pro person<br \/>(basis auf Standard Doppelzimmer)<\/p>\n<p style=\"text-align: center;\">Kurtaxe ist extra : 1 \u20ac pro Person und pro Tag<\/p>\n<\/div><\/div><div class=\"w-separator size_huge with_line width_default thick_1 style_solid color_border align_center with_content\" id=\"p237\"><style>@media(max-width:1024px){ #p237{height:100px!important}}@media(max-width:600px){ #p237{height:60px!important}}<\/style><div class=\"w-separator-h\"><i class=\"fas fa-home\"><\/i><\/div><\/div><div class=\"wpb_text_column\"><div class=\"wpb_wrapper\"><h3 style=\"text-align: center;\"><span style=\"color: #b25934;\"><strong>Besch\u00e4ftigungen in der N\u00e4he : (je nach Jahreszeit)<\/strong><\/span><\/h3>\n<p style=\"text-align: center;\">Kommentierte Zugf\u00fchrung,<\/p>\n<p style=\"text-align: center;\">F\u00fchrung durch das Dorf,<\/p>\n<p style=\"text-align: center;\">Weinprobe in einem jahrhundertalten Keller,<\/p>\n<p style=\"text-align: center;\">Besichtigung der Storchwiese,<\/p>\n<p style=\"text-align: center;\">Besichtigung der 3 Burgen von Eguisheim,<\/p>\n<p style=\"text-align: center;\">Besichtigung der &#8222;Hohlansburg&#8220;,<\/p>\n<p style=\"text-align: center;\">Die Weinstrasse,<\/p>\n<p style=\"text-align: center;\">Unsere Routen-Empfehlung (mit Lunchpaket).<\/p>\n<\/div><\/div><\/div><\/div><\/div><\/div><\/section>\n<\/section>","protected":false},"excerpt":{"rendered":"Authentisches els\u00e4ssisches Hotel** in Eguisheim im Elsass Ihr Aufenthalt in Eguisheim Unsere 10 Zimmer mit allem Komfort : Telefon, Fernsehen mit Satellitenempfang. Moderne Badezimmer mit Dusche oder Badewanne und Toilette, alle mit F\u00f6hn ausgestattet. Fr\u00fchst\u00fcck Raum mit Buffet. Buchen Sie Ihren Aufenthalt direkt im Hostel, um den besten Preis zu erhalten Profitieren Sie von den...","protected":false},"author":1,"featured_media":0,"parent":0,"menu_order":0,"comment_status":"closed","ping_status":"closed","template":"","meta":[],"_links":{"self":[{"href":"https:\/\/www.auberge-3-chateaux.fr\/de\/wp-json\/wp\/v2\/pages\/1816"}],"collection":[{"href":"https:\/\/www.auberge-3-chateaux.fr\/de\/wp-json\/wp\/v2\/pages"}],"about":[{"href":"https:\/\/www.auberge-3-chateaux.fr\/de\/wp-json\/wp\/v2\/types\/page"}],"author":[{"embeddable":true,"href":"https:\/\/www.auberge-3-chateaux.fr\/de\/wp-json\/wp\/v2\/users\/1"}],"replies":[{"embeddable":true,"href":"https:\/\/www.auberge-3-chateaux.fr\/de\/wp-json\/wp\/v2\/comments?post=1816"}],"version-history":[{"count":26,"href":"https:\/\/www.auberge-3-chateaux.fr\/de\/wp-json\/wp\/v2\/pages\/1816\/revisions"}],"predecessor-version":[{"id":2800,"href":"https:\/\/www.auberge-3-chateaux.fr\/de\/wp-json\/wp\/v2\/pages\/1816\/revisions\/2800"}],"wp:attachment":[{"href":"https:\/\/www.auberge-3-chateaux.fr\/de\/wp-json\/wp\/v2\/media?parent=1816"}],"curies":[{"name":"wp","href":"https:\/\/api.w.org\/{rel}","templated":true}]}}