{"id":1824,"date":"2016-07-29T13:18:53","date_gmt":"2016-07-29T11:18:53","guid":{"rendered":"http:\/\/www.auberge-3-chateaux.fr\/de\/?page_id=1824"},"modified":"2022-08-17T11:27:33","modified_gmt":"2022-08-17T09:27:33","slug":"kontact","status":"publish","type":"page","link":"https:\/\/www.auberge-3-chateaux.fr\/de\/kontact\/","title":{"rendered":"KONTACT"},"content":{"rendered":"<section class=\"wpb-content-wrapper\"><section class=\"l-section wpb_row height_huge with_img parallax_ver\"><div class=\"l-section-img\" style=\"background-image: url(https:\/\/www.auberge-3-chateaux.fr\/wp-content\/uploads\/2016\/07\/slide-auberge-3-chateaux-2.jpg);background-repeat: no-repeat;\" data-img-width=\"1440\" data-img-height=\"960\"><\/div><div class=\"l-section-h i-cf\"><div class=\"g-cols vc_row via_grid cols_1 laptops-cols_inherit tablets-cols_inherit mobiles-cols_1 valign_top type_default stacking_default\"><div class=\"wpb_column vc_column_container\"><div class=\"vc_column-inner\"><div class=\"w-separator size_custom\" style=\"height:600px\" id=\"lde4\"><style>@media(max-width:1024px){ #lde4{height:480px!important}}@media(max-width:600px){ #lde4{height:320px!important}}<\/style><\/div><\/div><\/div><\/div><\/div><\/section><section class=\"l-section wpb_row us_custom_9e7473fa us_animate_this height_small width_full\"><div class=\"l-section-overlay\" style=\"background:#b25934\"><\/div><div class=\"l-section-h i-cf\"><div class=\"g-cols vc_row via_grid cols_1 laptops-cols_inherit tablets-cols_inherit mobiles-cols_1 valign_top type_default stacking_default\"><div class=\"wpb_column vc_column_container\"><div class=\"vc_column-inner\"><div class=\"wpb_text_column us_custom_6df4bc3a has_text_color\"><div class=\"wpb_wrapper\"><h1 style=\"text-align: center;\">Kontakt, Anfahrt &amp; praktische Informationen<\/h1>\n<\/div><\/div><\/div><\/div><\/div><\/div><\/section><section class=\"l-section wpb_row height_small\"><div class=\"l-section-overlay\" style=\"background:#eeeae3\"><\/div><div class=\"l-section-h i-cf\"><div class=\"g-cols vc_row via_grid cols_2 laptops-cols_inherit tablets-cols_inherit mobiles-cols_1 valign_top type_boxes stacking_default\"><div class=\"wpb_column vc_column_container\"><div class=\"vc_column-inner\"><div class=\"wpb_text_column\"><div class=\"wpb_wrapper\"><blockquote>\n<h2>Eine Frage oder eine Auskunft ?<\/h2>\n<\/blockquote>\n<\/div><\/div><div class=\"w-separator size_medium\"><\/div><div class=\"wpb_text_column\"><div class=\"wpb_wrapper\">\n<div class=\"wpcf7 no-js\" id=\"wpcf7-f2189-o1\" lang=\"fr-FR\" dir=\"ltr\">\n<div class=\"screen-reader-response\"><p role=\"status\" aria-live=\"polite\" aria-atomic=\"true\"><\/p> <ul><\/ul><\/div>\n<form action=\"\/de\/wp-json\/wp\/v2\/pages\/1824#wpcf7-f2189-o1\" method=\"post\" class=\"wpcf7-form init\" aria-label=\"Formulaire de contact\" novalidate=\"novalidate\" data-status=\"init\">\n<div style=\"display: none;\">\n<input type=\"hidden\" name=\"_wpcf7\" value=\"2189\" \/>\n<input type=\"hidden\" name=\"_wpcf7_version\" value=\"5.7.7\" \/>\n<input type=\"hidden\" name=\"_wpcf7_locale\" value=\"fr_FR\" \/>\n<input type=\"hidden\" name=\"_wpcf7_unit_tag\" value=\"wpcf7-f2189-o1\" \/>\n<input type=\"hidden\" name=\"_wpcf7_container_post\" value=\"0\" \/>\n<input type=\"hidden\" name=\"_wpcf7_posted_data_hash\" value=\"\" \/>\n<input type=\"hidden\" name=\"_wpcf7_recaptcha_response\" value=\"\" \/>\n<\/div>\n<p><label> Ihren Namen (obligatorisch)<br \/>\n<span class=\"wpcf7-form-control-wrap\" data-name=\"your-name\"><input size=\"40\" class=\"wpcf7-form-control wpcf7-text wpcf7-validates-as-required\" aria-required=\"true\" aria-invalid=\"false\" value=\"\" type=\"text\" name=\"your-name\" \/><\/span> <\/label>\n<\/p>\n<p><label> Ihren email (obligatorisch)<br \/>\n<span class=\"wpcf7-form-control-wrap\" data-name=\"your-email\"><input size=\"40\" class=\"wpcf7-form-control wpcf7-text wpcf7-email wpcf7-validates-as-required wpcf7-validates-as-email\" aria-required=\"true\" aria-invalid=\"false\" value=\"\" type=\"email\" name=\"your-email\" \/><\/span> <\/label>\n<\/p>\n<p><label> Message<br \/>\n<span class=\"wpcf7-form-control-wrap\" data-name=\"your-message\"><textarea cols=\"40\" rows=\"10\" class=\"wpcf7-form-control wpcf7-textarea\" aria-invalid=\"false\" name=\"your-message\"><\/textarea><\/span> <\/label>\n<\/p>\n<p><input class=\"wpcf7-form-control has-spinner wpcf7-submit\" type=\"submit\" value=\"Senden\" \/>\n<\/p><div class=\"wpcf7-response-output\" aria-hidden=\"true\"><\/div>\n<\/form>\n<\/div>\n\n<\/div><\/div><\/div><\/div><div class=\"wpb_column vc_column_container\"><div class=\"vc_column-inner\"><div class=\"wpb_text_column\"><div class=\"wpb_wrapper\"><blockquote>\n<h2 style=\"text-align: justify;\">Informationen<\/h2>\n<\/blockquote>\n<p style=\"text-align: justify;\">Die Herberge liegt im Herzen von Eguisheim : kleines Wunder im Wiege des els\u00e4ssischen Weinbergen, klassifiziert eines der sch\u00f6nsten D\u00f6rfer Frankreichs. Unser Haus vom 17. Jahrhundert empf\u00e4ngt Sie in ein herzlicher, typischer Ort.<\/p>\n<p style=\"text-align: justify;\">Das Hotel-Restaurant befindet sich im historischen Zentrum, erreichbar von der Hauptstra\u00dfe. Gratis WLAN-Zugang ist im gesamten Haus verf\u00fcgbar.<\/p>\n<\/div><\/div><div class=\"w-separator size_small\"><\/div><div class=\"w-image align_center\"><div class=\"w-image-h\"><img width=\"300\" height=\"131\" src=\"https:\/\/www.auberge-3-chateaux.fr\/wp-content\/uploads\/2021\/04\/logo-label-handicap-300x131.jpg\" class=\"attachment-medium size-medium\" alt=\"\" loading=\"lazy\" srcset=\"https:\/\/www.auberge-3-chateaux.fr\/wp-content\/uploads\/2021\/04\/logo-label-handicap-300x131.jpg 300w, https:\/\/www.auberge-3-chateaux.fr\/wp-content\/uploads\/2021\/04\/logo-label-handicap.jpg 512w\" sizes=\"(max-width: 300px) 100vw, 300px\" \/><\/div><\/div><div class=\"w-separator size_small\"><\/div><div class=\"wpb_text_column\"><div class=\"wpb_wrapper\"><p style=\"text-align: justify;\">Das Restaurant ist f\u00fcr Personen mit eingeschr\u00e4nkter Mobilit\u00e4t zug\u00e4nglich: Sie k\u00f6nnen vor der Herberge parken, denn es gibt 4 Parkpl\u00e4tze, die auf 20 Minuten begrenzt sind, und dann stehen Ihnen auch zwei Parkpl\u00e4tze in 150 Metern Entfernung um die Kirche zur Verf\u00fcgung.<\/p>\n<p style=\"text-align: justify;\">Unser Hotel ist f\u00fcr Personen mit eingeschr\u00e4nkter Mobilit\u00e4t nicht zug\u00e4nglich.<\/p>\n<\/div><\/div><\/div><\/div><\/div><\/div><\/section><section class=\"l-section wpb_row height_small color_alternate\"><div class=\"l-section-overlay\" style=\"background:#a4958c\"><\/div><div class=\"l-section-h i-cf\"><div class=\"g-cols vc_row via_grid cols_1 laptops-cols_inherit tablets-cols_inherit mobiles-cols_1 valign_top type_default stacking_default\"><div class=\"wpb_column vc_column_container\"><div class=\"vc_column-inner\"><div class=\"wpb_text_column\"><div class=\"wpb_wrapper\"><h1 style=\"text-align: center;\"><span style=\"text-decoration: underline;\">GPS<\/span><\/h1>\n<\/div><\/div><\/div><\/div><\/div><\/div><\/section><section class=\"l-section wpb_row height_small color_alternate\"><div class=\"l-section-overlay\" style=\"background:#a4958c\"><\/div><div class=\"l-section-h i-cf\"><div class=\"g-cols vc_row via_grid cols_2 laptops-cols_inherit tablets-cols_inherit mobiles-cols_1 valign_top type_default stacking_default\"><div class=\"wpb_column vc_column_container\"><div class=\"vc_column-inner\"><div class=\"w-counter us_custom_43cb1273 color_primary align_center has_font_size\" data-duration=\"2000\"><div class=\"w-counter-value\"><span class=\"w-counter-value-part type_text\" data-final=\"\"><\/span><span class=\"w-counter-value-part type_number\" data-final=\"48.02352\">0<\/span><span class=\"w-counter-value-part type_text\" data-final=\"\"><\/span><\/div><h6 class=\"w-counter-title\">LATITUDE (N)<\/h6><\/div><\/div><\/div><div class=\"wpb_column vc_column_container\"><div class=\"vc_column-inner\"><div class=\"w-counter us_custom_43cb1273 color_primary align_center has_font_size\" data-duration=\"2000\"><div class=\"w-counter-value\"><span class=\"w-counter-value-part type_text\" data-final=\"\"><\/span><span class=\"w-counter-value-part type_number\" data-final=\"7.18209\">0<\/span><span class=\"w-counter-value-part type_text\" data-final=\"\"><\/span><\/div><h6 class=\"w-counter-title\">LONGITUDE (E)<\/h6><\/div><\/div><\/div><\/div><\/div><\/section><section class=\"l-section wpb_row height_small color_alternate\"><div class=\"l-section-overlay\" style=\"background:#a4958c\"><\/div><div class=\"l-section-h i-cf\"><div class=\"g-cols vc_row via_grid cols_1 laptops-cols_inherit tablets-cols_inherit mobiles-cols_1 valign_top type_default stacking_default\"><div class=\"wpb_column vc_column_container\"><div class=\"vc_column-inner\"><div class=\"wpb_text_column\"><div class=\"wpb_wrapper\"><h1 style=\"text-align: center;\"><span style=\"text-decoration: underline;\">Zufahrtsplan<\/span><\/h1>\n<\/div><\/div><\/div><\/div><\/div><\/div><\/section><section class=\"l-section wpb_row height_auto width_full\"><div class=\"l-section-overlay\" style=\"background:#a4958c\"><\/div><div class=\"l-section-h i-cf\"><div class=\"g-cols vc_row via_grid cols_1 laptops-cols_inherit tablets-cols_inherit mobiles-cols_1 valign_top type_default stacking_default\"><div class=\"wpb_column vc_column_container\"><div class=\"vc_column-inner\">[vc_raw_html]JTNDaWZyYW1lJTIwc3JjJTNEJTIyaHR0cHMlM0ElMkYlMkZ3d3cuZ29vZ2xlLmNvbSUyRm1hcHMlMkZlbWJlZCUzRnBiJTNEJTIxMW0xOCUyMTFtMTIlMjExbTMlMjExZDY2Ni44Njk1MTU3OTk2MDc5JTIxMmQ3LjMwNTMxMzEyOTI2MDkxNzUlMjEzZDQ4LjA0MzEwNjU5NTMyNTE2JTIxMm0zJTIxMWYwJTIxMmYwJTIxM2YwJTIxM20yJTIxMWkxMDI0JTIxMmk3NjglMjE0ZjEzLjElMjEzbTMlMjExbTIlMjExczB4NDc5MTY0ZjcyMGQxMjZlMSUyNTNBMHg4N2Q5YjAzZDBkMzNmYWU2JTIxMnNBdWJlcmdlJTJCZGVzJTJCVHJvaXMlMkJDaCUyNUMzJTI1QTJ0ZWF1eCUyMTVlMCUyMTNtMiUyMTFzZnIlMjEyc2ZyJTIxNHYxNDY4OTA5NjEwMjk1JTIyJTIwd2lkdGglM0QlMjIxMDAlMjUlMjIlMjBoZWlnaHQlM0QlMjI0MDAlMjIlMjBmcmFtZWJvcmRlciUzRCUyMjAlMjIlMjBzdHlsZSUzRCUyMmJvcmRlciUzQTAlMjIlMjBhbGxvd2Z1bGxzY3JlZW4lM0UlM0MlMkZpZnJhbWUlM0U=[\/vc_raw_html]<\/div><\/div><\/div><\/div><\/section>\n<\/section>","protected":false},"excerpt":{"rendered":"Kontakt, Anfahrt &amp; praktische Informationen Eine Frage oder eine Auskunft ? Ihren Namen (obligatorisch) Ihren email (obligatorisch) Message Informationen Die Herberge liegt im Herzen von Eguisheim : kleines Wunder im Wiege des els\u00e4ssischen Weinbergen, klassifiziert eines der sch\u00f6nsten D\u00f6rfer Frankreichs. Unser Haus vom 17. Jahrhundert empf\u00e4ngt Sie in ein herzlicher, typischer Ort. Das Hotel-Restaurant befindet...","protected":false},"author":1,"featured_media":0,"parent":0,"menu_order":0,"comment_status":"closed","ping_status":"closed","template":"","meta":[],"_links":{"self":[{"href":"https:\/\/www.auberge-3-chateaux.fr\/de\/wp-json\/wp\/v2\/pages\/1824"}],"collection":[{"href":"https:\/\/www.auberge-3-chateaux.fr\/de\/wp-json\/wp\/v2\/pages"}],"about":[{"href":"https:\/\/www.auberge-3-chateaux.fr\/de\/wp-json\/wp\/v2\/types\/page"}],"author":[{"embeddable":true,"href":"https:\/\/www.auberge-3-chateaux.fr\/de\/wp-json\/wp\/v2\/users\/1"}],"replies":[{"embeddable":true,"href":"https:\/\/www.auberge-3-chateaux.fr\/de\/wp-json\/wp\/v2\/comments?post=1824"}],"version-history":[{"count":22,"href":"https:\/\/www.auberge-3-chateaux.fr\/de\/wp-json\/wp\/v2\/pages\/1824\/revisions"}],"predecessor-version":[{"id":2635,"href":"https:\/\/www.auberge-3-chateaux.fr\/de\/wp-json\/wp\/v2\/pages\/1824\/revisions\/2635"}],"wp:attachment":[{"href":"https:\/\/www.auberge-3-chateaux.fr\/de\/wp-json\/wp\/v2\/media?parent=1824"}],"curies":[{"name":"wp","href":"https:\/\/api.w.org\/{rel}","templated":true}]}}